{"id":285,"date":"2025-02-17T14:24:19","date_gmt":"2025-02-17T13:24:19","guid":{"rendered":"https:\/\/www.bamberg-reputation.de\/?page_id=285"},"modified":"2025-05-25T00:58:30","modified_gmt":"2025-05-24T22:58:30","slug":"privacy-policy","status":"publish","type":"page","link":"https:\/\/www.bamberg-reputation.de\/en\/privacy-policy\/","title":{"rendered":"Privacy policy"},"content":{"rendered":"<div data-elementor-type=\"wp-page\" data-elementor-id=\"285\" class=\"elementor elementor-285\" data-elementor-post-type=\"page\">\n\t\t\t\t<div class=\"elementor-element elementor-element-d67a74b e-flex e-con-boxed e-con e-parent\" data-id=\"d67a74b\" data-element_type=\"container\" data-e-type=\"container\">\n\t\t\t\t\t<div class=\"e-con-inner\">\n\t\t\t\t<div class=\"elementor-element elementor-element-318301c elementor-widget elementor-widget-text-editor\" data-id=\"318301c\" data-element_type=\"widget\" data-e-type=\"widget\" data-widget_type=\"text-editor.default\">\n\t\t\t\t\t\t\t\t\t<h2>Privacy policy<\/h2><h3>1. General information<\/h3><p>The following privacy policy provides an overview of the collection and processing of your data. This privacy policy applies to the Bamberg-Reputation.de website.<\/p><p>Controller within the meaning of the General Data Protection Regulation (GDPR):<\/p><p>Florian Bamberg<br \/>Tiroler Str. 4<br \/>60596 Frankfurt am Main<br \/>E-Mail: mail@bamberg-reputation.de<br \/>Phone: +49 163 480 63 45<\/p><h3>2. Data collection on our website<\/h3><h4>2.1 Automated data collection<\/h4><p>Each time you visit our website, your browser automatically sends information to our website server. This information is temporarily stored in a so-called log file[1]. The following information is recorded without any action on your part:<\/p><ul><li>IP address of the requesting computer<\/li><li>Date and time of access<\/li><li>Name and URL of the retrieved file<\/li><li>Website from which the access is made<\/li><li>Browser used and, if applicable, the operating system of your computer<\/li><\/ul><h4>2.2 Contact form<\/h4><p>When using our contact form, the data you enter (name, e-mail address and your message) will be stored for the purpose of individual communication with you. The data will only be used to process your request[3]. This data is processed on the basis of Art. 6 para. 1 lit. b GDPR.<\/p><h4>2.3 Cookie-Management<\/h4><p>We use the Real Cookie Banner on our website to manage your cookie settings. This stores your consent decisions so that they can be taken into account when you visit our website again[10]. The storage takes place on the basis of Art. 6 para. 1 lit. f GDPR.<\/p><h4>2.4 Elementor<\/h4><p>Our website was created with the website builder Elementor. Elementor does not store any personal data of website visitors.<\/p><h4>2.5 Google Fonts<\/h4><p>We use Google Fonts in local installation. The fonts are stored directly on our server. There is no data transfer to Google.<\/p><h4>2.6 Social Media<\/h4><p>We link to our LinkedIn profile on our website. When you click on the link, you will be redirected to the external platform. Only then can data be transmitted to LinkedIn. Information on data processing by LinkedIn can be found in their privacy policy at: https:\/\/www.linkedin.com\/legal\/privacy-policy<\/p><h3>3. Your rights<\/h3><p>You have the following rights:<\/p><ul><li>Right to information (Art. 15 GDPR)<\/li><li>Right to rectification (Art. 16 GDPR)<\/li><li>Right to erasure (Art. 17 GDPR)<\/li><li>Right to restriction of processing (Art. 18 GDPR)<\/li><li>Right to data portability (Art. 20 GDPR)<\/li><li>Right to object (Art. 21 GDPR)<\/li><\/ul><h3>4. Amendment of the privacy policy<\/h3><p>We reserve the right to adapt this privacy policy so that it always complies with current legal requirements or to implement changes to our services in the privacy policy.<\/p><p>&#8222;`<\/p><p>Citations:<br \/>[1] https:\/\/www.e-recht24.de\/muster-datenschutzerklaerung.html<br \/>[2] https:\/\/termly.io\/de\/ressourcen\/vorlagen\/datenschutzerklarung-vorlage\/<br \/>[3] https:\/\/www.e-recht24.de\/dsg\/12687-kontaktformular.html<br \/>[4] https:\/\/www.e-recht24.de\/dsg\/13072-real-cookie-banner.html<br \/>[5] https:\/\/wordpress.com\/plugins\/real-cookie-banner<br \/>[6] https:\/\/devowl.io\/jAmXsZYK\/<br \/>[7] https:\/\/www.ldi.nrw.de\/datenschutz\/medien-und-technik\/websites-muster-fuer-datenschutzhinweise<br \/>[8] https:\/\/www.aekb.de\/fileadmin\/migration\/pdf\/57_Merkblatt_Datenschutzerklaerung-fuer-Homepage.pdf<br \/>[9] https:\/\/opr.vc\/docs\/kontakt\/kontaktformular\/<br \/>[10] https:\/\/devowl.io\/de\/wissensdatenbank\/real-cookie-banner-datenverarbeitung\/<br \/>[11] https:\/\/devowl.io\/wordpress-real-cookie-banner\/<br \/>[12] https:\/\/www.adsimple.de\/datenschutzerklaerung\/strato-datenschutzerklaerung\/<br \/>[13] https:\/\/termly.io\/de\/ressourcen\/artikel\/datenschutzbestimmungen-fur-blogger\/<br \/>[14] https:\/\/webgeneral.de\/real-cookie-banner-anleitung\/<br \/>[15] https:\/\/devowl.io\/news\/real-cookie-banner-1-0-gdpr-eprivacy-cookie-consent\/<br \/>[16] https:\/\/avalex.de\/blog\/dienste\/contact-form-7\/<br \/>[17] https:\/\/www.xn--generator-datenschutzerklrung-pqc.de<br \/>[18] https:\/\/www.telekom.de\/datenschutzhinweise\/download\/015.pdf<br \/>[19] https:\/\/www.bytebizz.com\/datenschutz-websites\/kontaktformular-datenschutz\/<br \/>[20] https:\/\/datenschutz-generator.de\/service-datenschutz\/<br \/>[21] https:\/\/www.ionos.de\/digitalguide\/websites\/online-recht\/mehr-nutzervertrauen-dank-datenschutzerklaerung\/<br \/>[22] https:\/\/www.fuer-gruender.de\/wissen\/unternehmen-fuehren\/datenschutz\/datenschutzerklaerung\/muster\/<br \/>[23] https:\/\/termly.io\/de\/produkte\/datenschutzerklarung-generator\/<br \/>[24] https:\/\/legal.jimdo.com\/hc\/de\/articles\/5759612263060-Beispieltexte-f%C3%BCr-die-Datenschutzhinweise-einer-Jimdo-Creator-Webseite<br \/>[25] https:\/\/www.datenschutz.org\/datenschutzerklaerung\/<br \/>[26] https:\/\/www.e-recht24.de\/dsg\/12753-whatsapp.html<br \/>[27] https:\/\/www.nissan.de\/rechtliches\/cookies-und-drittanbieterdienste.html<br \/>[28] https:\/\/it-guenter.de\/real-cookie-banner-gdpr-dsgvo-eprivacy-cookie-consent-gutschein-code\/<br \/>[29] https:\/\/wp-space.de\/en\/real-cookie-banner-experience-and-test-report-2023\/<br \/>[30] https:\/\/wp-ninjas.de\/real-cookie-banner-einrichtung<br \/>[31] https:\/\/devowl.io\/news\/real-cookie-banner-5-0\/<br \/>[32] https:\/\/praxis-am-helmi.de\/datenschutzerklaerung\/<br \/>[33] https:\/\/devowl.io\/knowledge-base\/real-cookie-banner-data-processing\/<br \/>[34] https:\/\/walradushof.de\/datenschutzerklaerung\/<br \/>[35] https:\/\/wordpress.org\/plugins\/real-cookie-banner\/<br \/>[36] https:\/\/www.adsimple.de\/datenschutzerklaerung\/real-cookie-banner-datenschutzerklaerung\/<br \/>[37] https:\/\/devowl.io\/de\/wordpress-real-cookie-banner\/<br \/>[38] https:\/\/www.akademie-management.de\/datenschutzerklaerung\/<br \/>[39] https:\/\/de.wordpress.org\/plugins\/real-cookie-banner\/<br \/>[40] https:\/\/devowl.io\/de\/dsgvo-konform\/elementor\/<br \/>[41] https:\/\/elementor.com\/blog\/how-to-write-privacy-policy\/<br \/>[42] https:\/\/www.e-recht24.de\/artikel\/datenschutz\/13052-datenschutz-und-google-fonts.html<br \/>[43] https:\/\/www.cookiebox.pro\/en\/cookiepedia\/google-fonts-gdpr\/<br \/>[44] https:\/\/www.bytebizz.com\/elementor\/elementor-dsgvo-konform-verwenden\/<br \/>[45] https:\/\/www.reddit.com\/r\/elementor\/comments\/n22rx5\/how_to_create_private_policy_page\/<br \/>[46] https:\/\/webmasterin.net\/google-fonts-lokal-einbinden\/<br \/>[47] https:\/\/www.heise-homepages.de\/google-fonts-lokal-einbinden\/<br \/>[48] https:\/\/www.sozialwerk.bund.de\/service\/datenschutzerklaerung\/<br \/>[49] https:\/\/www.youtube.com\/watch?v=Gtpp6PbY6Gc<br \/>[50] https:\/\/www.e-recht24.de\/dsg\/12669-google-web-fonts.html<br \/>[51] https:\/\/www.immerce-consulting.de\/blog\/google-fonts\/<br \/>[52] https:\/\/kjhv-sachsen.de\/datenschutzerklaerung\/<br \/>[53] https:\/\/elementor.com\/about\/privacy\/<br \/>[54] https:\/\/searchreplaceplugin.com\/privacy-policy\/<br \/>[55] https:\/\/www.datenschutz.org\/google-fonts-dsgvo\/<br \/>[56] https:\/\/www.cookieyes.com\/documentation\/google-fonts-and-gdpr\/<br \/>[57] https:\/\/sapplier.de\/datenschutzerklarung\/<br \/>[58] https:\/\/elementor.com\/terms\/site-mailer-privacy-policy\/<br \/>[59] https:\/\/www.datenschutzexperte.de\/blog\/google-fonts-dsgvo-schriftarten-sicher-einbinden<br \/>[60] https:\/\/developers.google.com\/fonts\/faq\/privacy<\/p>\t\t\t\t\t\t\t\t<\/div>\n\t\t\t\t\t<\/div>\n\t\t\t\t<\/div>\n\t\t\t\t<\/div>","protected":false},"excerpt":{"rendered":"<p>Datenschutzerkl\u00e4rung 1. Allgemeine Hinweise Die nachfolgende Datenschutzerkl\u00e4rung gibt einen \u00dcberblick \u00fcber die Erhebung und Verarbeitung Ihrer Daten. Diese Datenschutzerkl\u00e4rung gilt f\u00fcr die Website Bamberg-Reputation.de. Verantwortlicher im Sinne der Datenschutz-Grundverordnung (DSGVO): Florian BambergTiroler Str. 460596 Frankfurt am MainE-Mail: mail@bamberg-reputation.deTelefon: +49 163 480 63 45 2. Datenerfassung auf unserer Website 2.1 Automatisierte Datenerfassung Bei jedem Aufruf unserer [&hellip;]<\/p>","protected":false},"author":1,"featured_media":0,"parent":0,"menu_order":0,"comment_status":"closed","ping_status":"closed","template":"","meta":{"footnotes":""},"class_list":["post-285","page","type-page","status-publish","hentry"],"_links":{"self":[{"href":"https:\/\/www.bamberg-reputation.de\/en\/wp-json\/wp\/v2\/pages\/285","targetHints":{"allow":["GET"]}}],"collection":[{"href":"https:\/\/www.bamberg-reputation.de\/en\/wp-json\/wp\/v2\/pages"}],"about":[{"href":"https:\/\/www.bamberg-reputation.de\/en\/wp-json\/wp\/v2\/types\/page"}],"author":[{"embeddable":true,"href":"https:\/\/www.bamberg-reputation.de\/en\/wp-json\/wp\/v2\/users\/1"}],"replies":[{"embeddable":true,"href":"https:\/\/www.bamberg-reputation.de\/en\/wp-json\/wp\/v2\/comments?post=285"}],"version-history":[{"count":7,"href":"https:\/\/www.bamberg-reputation.de\/en\/wp-json\/wp\/v2\/pages\/285\/revisions"}],"predecessor-version":[{"id":991,"href":"https:\/\/www.bamberg-reputation.de\/en\/wp-json\/wp\/v2\/pages\/285\/revisions\/991"}],"wp:attachment":[{"href":"https:\/\/www.bamberg-reputation.de\/en\/wp-json\/wp\/v2\/media?parent=285"}],"curies":[{"name":"wp","href":"https:\/\/api.w.org\/{rel}","templated":true}]}}